
{"id":97151,"date":"2022-11-16T12:52:18","date_gmt":"2022-11-16T11:52:18","guid":{"rendered":"https:\/\/www.greentech.at\/?page_id=97151"},"modified":"2025-09-22T17:37:44","modified_gmt":"2025-09-22T15:37:44","slug":"terms-and-conditions","status":"publish","type":"page","link":"https:\/\/www.greentech.at\/en\/terms-and-conditions\/","title":{"rendered":"Terms and Conditions"},"content":{"rendered":"\t\t<div data-elementor-type=\"wp-page\" data-elementor-id=\"97151\" class=\"elementor elementor-97151 elementor-93992\" data-elementor-post-type=\"page\">\n\t\t\t\t\t\t<section class=\"elementor-section elementor-top-section elementor-element elementor-element-1fae968 elementor-section-full_width elementor-section-height-default elementor-section-height-default\" data-id=\"1fae968\" data-element_type=\"section\" data-e-type=\"section\">\n\t\t\t\t\t\t<div class=\"elementor-container elementor-column-gap-no\">\n\t\t\t\t\t<div class=\"elementor-column elementor-col-100 elementor-top-column elementor-element elementor-element-79e5308\" data-id=\"79e5308\" data-element_type=\"column\" data-e-type=\"column\">\n\t\t\t<div class=\"elementor-widget-wrap elementor-element-populated\">\n\t\t\t\t\t\t<section class=\"elementor-section elementor-inner-section elementor-element elementor-element-a31a9d0 elementor-section-boxed elementor-section-height-default elementor-section-height-default\" data-id=\"a31a9d0\" data-element_type=\"section\" data-e-type=\"section\" data-settings=\"{&quot;background_background&quot;:&quot;classic&quot;}\">\n\t\t\t\t\t\t<div class=\"elementor-container elementor-column-gap-default\">\n\t\t\t\t\t<div class=\"elementor-column elementor-col-100 elementor-inner-column elementor-element elementor-element-a0ff2da\" data-id=\"a0ff2da\" data-element_type=\"column\" data-e-type=\"column\">\n\t\t\t<div class=\"elementor-widget-wrap elementor-element-populated\">\n\t\t\t\t\t\t<div class=\"elementor-element elementor-element-bbb1ade elementor-widget elementor-widget-spacer\" data-id=\"bbb1ade\" data-element_type=\"widget\" data-e-type=\"widget\" data-widget_type=\"spacer.default\">\n\t\t\t\t<div class=\"elementor-widget-container\">\n\t\t\t\t\t\t\t<div class=\"elementor-spacer\">\n\t\t\t<div class=\"elementor-spacer-inner\"><\/div>\n\t\t<\/div>\n\t\t\t\t\t\t<\/div>\n\t\t\t\t<\/div>\n\t\t\t\t<div class=\"elementor-element elementor-element-fe5a4ce elementor-widget__width-initial elementor-widget-tablet__width-inherit elementor-hidden-mobile elementor-widget elementor-widget-heading\" data-id=\"fe5a4ce\" data-element_type=\"widget\" data-e-type=\"widget\" data-widget_type=\"heading.default\">\n\t\t\t\t<div class=\"elementor-widget-container\">\n\t\t\t\t\t<h1 class=\"elementor-heading-title elementor-size-default\">Terms and Conditions\u200b<\/h1>\t\t\t\t<\/div>\n\t\t\t\t<\/div>\n\t\t\t\t<div class=\"elementor-element elementor-element-0f84b3f elementor-widget__width-initial elementor-widget-tablet__width-inherit elementor-hidden-desktop elementor-hidden-tablet elementor-widget elementor-widget-heading\" data-id=\"0f84b3f\" data-element_type=\"widget\" data-e-type=\"widget\" data-widget_type=\"heading.default\">\n\t\t\t\t<div class=\"elementor-widget-container\">\n\t\t\t\t\t<h1 class=\"elementor-heading-title elementor-size-default\">Terms and Conditions\u200b<\/h1>\t\t\t\t<\/div>\n\t\t\t\t<\/div>\n\t\t\t\t<div class=\"elementor-element elementor-element-3fb2645 elementor-widget elementor-widget-spacer\" data-id=\"3fb2645\" data-element_type=\"widget\" data-e-type=\"widget\" data-widget_type=\"spacer.default\">\n\t\t\t\t<div class=\"elementor-widget-container\">\n\t\t\t\t\t\t\t<div class=\"elementor-spacer\">\n\t\t\t<div class=\"elementor-spacer-inner\"><\/div>\n\t\t<\/div>\n\t\t\t\t\t\t<\/div>\n\t\t\t\t<\/div>\n\t\t\t\t\t<\/div>\n\t\t<\/div>\n\t\t\t\t\t<\/div>\n\t\t<\/section>\n\t\t\t\t\t<\/div>\n\t\t<\/div>\n\t\t\t\t\t<\/div>\n\t\t<\/section>\n\t\t\t\t<section class=\"elementor-section elementor-top-section elementor-element elementor-element-94d590f elementor-section-boxed elementor-section-height-default elementor-section-height-default\" data-id=\"94d590f\" data-element_type=\"section\" data-e-type=\"section\" lang=\"de-de\">\n\t\t\t\t\t\t<div class=\"elementor-container elementor-column-gap-default\">\n\t\t\t\t\t<div class=\"elementor-column elementor-col-100 elementor-top-column elementor-element elementor-element-0eb49fb\" data-id=\"0eb49fb\" data-element_type=\"column\" data-e-type=\"column\">\n\t\t\t<div class=\"elementor-widget-wrap elementor-element-populated\">\n\t\t\t\t\t\t<div class=\"elementor-element elementor-element-fa34baa elementor-widget elementor-widget-spacer\" data-id=\"fa34baa\" data-element_type=\"widget\" data-e-type=\"widget\" data-widget_type=\"spacer.default\">\n\t\t\t\t<div class=\"elementor-widget-container\">\n\t\t\t\t\t\t\t<div class=\"elementor-spacer\">\n\t\t\t<div class=\"elementor-spacer-inner\"><\/div>\n\t\t<\/div>\n\t\t\t\t\t\t<\/div>\n\t\t\t\t<\/div>\n\t\t\t\t<div class=\"elementor-element elementor-element-becb96f elementor-widget__width-initial elementor-widget-tablet__width-inherit elementor-widget elementor-widget-heading\" data-id=\"becb96f\" data-element_type=\"widget\" data-e-type=\"widget\" data-widget_type=\"heading.default\">\n\t\t\t\t<div class=\"elementor-widget-container\">\n\t\t\t\t\t<h2 class=\"elementor-heading-title elementor-size-default\">f\u00fcr Cluster-Partner der <br \/><span style=\"color: #719b01\">Green Tech Valley Cluster GmbH\n<\/span><\/h2>\t\t\t\t<\/div>\n\t\t\t\t<\/div>\n\t\t\t\t\t<\/div>\n\t\t<\/div>\n\t\t\t\t\t<\/div>\n\t\t<\/section>\n\t\t\t\t<section class=\"elementor-section elementor-top-section elementor-element elementor-element-3a9fc69 elementor-section-boxed elementor-section-height-default elementor-section-height-default\" data-id=\"3a9fc69\" data-element_type=\"section\" data-e-type=\"section\" lang=\"de-de\">\n\t\t\t\t\t\t<div class=\"elementor-container elementor-column-gap-default\">\n\t\t\t\t\t<div class=\"elementor-column elementor-col-100 elementor-top-column elementor-element elementor-element-d67e6f7\" data-id=\"d67e6f7\" data-element_type=\"column\" data-e-type=\"column\">\n\t\t\t<div class=\"elementor-widget-wrap elementor-element-populated\">\n\t\t\t\t\t\t<div class=\"elementor-element elementor-element-3e86b7b elementor-widget__width-initial elementor-widget-tablet__width-inherit elementor-widget elementor-widget-text-editor\" data-id=\"3e86b7b\" data-element_type=\"widget\" data-e-type=\"widget\" data-widget_type=\"text-editor.default\">\n\t\t\t\t<div class=\"elementor-widget-container\">\n\t\t\t\t\t\t\t\t\t<div><div>Stand J\u00e4nner 2018<\/div><\/div>\t\t\t\t\t\t\t\t<\/div>\n\t\t\t\t<\/div>\n\t\t\t\t<div class=\"elementor-element elementor-element-6a7f386 elementor-widget elementor-widget-spacer\" data-id=\"6a7f386\" data-element_type=\"widget\" data-e-type=\"widget\" data-widget_type=\"spacer.default\">\n\t\t\t\t<div class=\"elementor-widget-container\">\n\t\t\t\t\t\t\t<div class=\"elementor-spacer\">\n\t\t\t<div class=\"elementor-spacer-inner\"><\/div>\n\t\t<\/div>\n\t\t\t\t\t\t<\/div>\n\t\t\t\t<\/div>\n\t\t\t\t<div class=\"elementor-element elementor-element-ac9dd45 elementor-widget__width-initial elementor-widget-tablet__width-inherit elementor-widget elementor-widget-text-editor\" data-id=\"ac9dd45\" data-element_type=\"widget\" data-e-type=\"widget\" data-widget_type=\"text-editor.default\">\n\t\t\t\t<div class=\"elementor-widget-container\">\n\t\t\t\t\t\t\t\t\t<div><ol><li>Zahlungsmodalit\u00e4ten<ol><li>Sofern im Auftrag nicht anders vereinbart, gelten die im Anmeldeformular angef\u00fchrten Preise f\u00fcr Cluster-Partner (vormals \u201eMitglieder\u201c genannt). Die gesetzliche Umsatzsteuer wird zus\u00e4tzlich verrechnet. Wir behalten uns Preis\u00e4nderungen vor.<\/li><li>Der Cluster-Partner-Beitrag ist pro Kalenderjahr jeweils im vor hinein f\u00e4llig. Liegt das Beitrittsdatum innerhalb des Kalenderjahres so wird f\u00fcr dieses Jahr ein aliquoter Beitrag verrechnet.<\/li><li>Zahlungen sind, sofern nicht anders vereinbart, innerhalb von 14 Tagen ab Rechnungserhalt ohne Abzug f\u00e4llig. Bei Zahlungsverzug wird bei der 1. Mahnung eine Bearbeitungsgeb\u00fchr von \u20ac 5,- und bei der 2. Mahnung von \u20ac 10,- verrechnet.<\/li><li>\u00a0Bei Zahlungsverzug ist die Green Tech Valley Cluster GmbH berechtigt, nach schriftlicher Verst\u00e4ndigung Leistungen bis zur vollst\u00e4ndigen Bezahlung auszusetzen.<\/li><li>Die Verpflichtungen der Green Tech Valley Cluster GmbH richten sich ausschlie\u00dflich nach dem Umfang und Inhalt eines von Green Tech Valley Cluster GmbH entgegengenommenen Auftrages bzw. des ver\u00f6ffentlichten Leistungsumfanges.<\/li><\/ol><\/li><li>K\u00fcndigungsvereinbarung<ol><li>Die Partnerschaft wird auf unbestimmte Zeit geschlossen. Die Partnerschaft kann jederzeit und von beiden Vertragspartnern ohne Angabe von Gr\u00fcnden gek\u00fcndigt werden. Dabei besteht seitens des Cluster-Partners kein Anspruch auf die aliquote R\u00fcckerstattung von allf\u00e4lligen, bereits bezahlten Jahresbeitr\u00e4gen.<\/li><\/ol><\/li><li>Datenschutz und Sicherheit:<ol><li>Die Green Tech Valley Cluster GmbH ist berechtigt, Daten und Bildmaterial, neben der auftragsgem\u00e4\u00dfen Bearbeitung (Datenerhebungsblatt) auch zum Schutz der eigenen Rechner und der von Dritten, zu speichern und zu bearbeiten.<\/li><li>Weder diese Daten, noch Inhalts- oder sonstige Kundendaten werden an Dritte weitergegeben. Ausnahmen f\u00fcr die Datenweitergabe sind lediglich allf\u00e4llige gesetzliche Erfordernisse oder Notwendigkeiten zur auftragsgem\u00e4\u00dfen Bearbeitung oder zum Zwecke der Gesch\u00e4ftsanbahnung f\u00fcr den Cluster-Partner. Der Vertragspartner erkl\u00e4rt sich ausdr\u00fccklich damit einverstanden.<\/li><li>Die Green Tech Valley Cluster GmbH ergreift alle technisch m\u00f6glichen und bekannten Ma\u00dfnahmen, um die gespeicherten Daten zu sch\u00fctzen. Die Green Tech Valley Cluster GmbH ist jedoch nicht daf\u00fcr verantwortlich, wenn es jemandem gelingt, auf rechtswidrige Art und Weise an diese Daten heranzukommen und sie weiter zu verwenden. Die Geltendmachung von Sch\u00e4den der Vertragspartei oder Dritter gegen\u00fcber Green Tech Valley Cluster GmbH aus einem derartigen Zusammenhang wird einvernehmlich ausgeschlossen.<\/li><li>Die Green Tech Valley Cluster GmbH beh\u00e4lt sich vor, Namen, e-Mail, Adressen, sowie Art des Services von Kunden auf eine Referenzliste zu setzen, und diese auf Anfrage auch anderen Kunden und Interessenten zur Verf\u00fcgung zu stellen.<\/li><li>Die Green Tech Valley Cluster GmbH beh\u00e4lt sich vor, die in der Zeit der Partnerschaft erfassten Daten (Bild- und Datenmaterial) des Unternehmens auch nach Beendigung der Partnerschaft weiterhin zu verwenden.<\/li><li>Mit der Partnerschaft erkl\u00e4rt der Cluster-Partner die ausdr\u00fcckliche Zustimmung im Sinne des Telekommunikationsgesetzes TKG 2003 (\u00a7107), u.a. elektronische Informationen der Green Tech Valley Cluster GmbH empfangen zu wollen. Diese kann durch den Cluster-Partner jederzeit schriftlich widerrufen werden.<\/li><\/ol><\/li><li>Sonstiges<ol><li>Der Cluster-Partner verpflichtet sich mindestens einmal pro Jahr das online Firmenprofil auf www.greentech.at zu warten.<\/li><\/ol><\/li><\/ol><\/div>\t\t\t\t\t\t\t\t<\/div>\n\t\t\t\t<\/div>\n\t\t\t\t\t<\/div>\n\t\t<\/div>\n\t\t\t\t\t<\/div>\n\t\t<\/section>\n\t\t\t\t<section class=\"elementor-section elementor-top-section elementor-element elementor-element-8b9c59f elementor-section-boxed elementor-section-height-default elementor-section-height-default\" data-id=\"8b9c59f\" data-element_type=\"section\" data-e-type=\"section\">\n\t\t\t\t\t\t<div class=\"elementor-container elementor-column-gap-default\">\n\t\t\t\t\t<div class=\"elementor-column elementor-col-100 elementor-top-column elementor-element elementor-element-d0b9506\" data-id=\"d0b9506\" data-element_type=\"column\" data-e-type=\"column\">\n\t\t\t<div class=\"elementor-widget-wrap elementor-element-populated\">\n\t\t\t\t\t\t<div class=\"elementor-element elementor-element-7170c53 elementor-widget elementor-widget-spacer\" data-id=\"7170c53\" data-element_type=\"widget\" data-e-type=\"widget\" data-widget_type=\"spacer.default\">\n\t\t\t\t<div class=\"elementor-widget-container\">\n\t\t\t\t\t\t\t<div class=\"elementor-spacer\">\n\t\t\t<div class=\"elementor-spacer-inner\"><\/div>\n\t\t<\/div>\n\t\t\t\t\t\t<\/div>\n\t\t\t\t<\/div>\n\t\t\t\t\t<\/div>\n\t\t<\/div>\n\t\t\t\t\t<\/div>\n\t\t<\/section>\n\t\t\t\t<\/div>\n\t\t","protected":false},"excerpt":{"rendered":"<p>Terms and Conditions\u200b Terms and Conditions\u200b f\u00fcr Cluster-Partner der Green Tech Valley Cluster GmbH Stand J\u00e4nner 2018 Zahlungsmodalit\u00e4ten Sofern im Auftrag nicht anders vereinbart, gelten die im Anmeldeformular angef\u00fchrten Preise f\u00fcr Cluster-Partner (vormals \u201eMitglieder\u201c genannt). Die gesetzliche Umsatzsteuer wird zus\u00e4tzlich verrechnet. Wir behalten uns Preis\u00e4nderungen vor. Der Cluster-Partner-Beitrag ist pro Kalenderjahr jeweils im vor hinein [&hellip;]<\/p>\n","protected":false},"author":1,"featured_media":0,"parent":0,"menu_order":0,"comment_status":"closed","ping_status":"closed","template":"","meta":{"_acf_changed":false,"inline_featured_image":false,"footnotes":""},"user_category":[],"class_list":["post-97151","page","type-page","status-publish","hentry"],"acf":[],"yoast_head":"<!-- This site is optimized with the Yoast SEO plugin v27.3 - https:\/\/yoast.com\/product\/yoast-seo-wordpress\/ -->\n<title>Terms and Conditions - Green Tech Valley Cluster<\/title>\n<meta name=\"robots\" content=\"index, follow, max-snippet:-1, max-image-preview:large, max-video-preview:-1\" \/>\n<link rel=\"canonical\" href=\"https:\/\/www.greentech.at\/en\/terms-and-conditions\/\" \/>\n<meta property=\"og:locale\" content=\"en_US\" \/>\n<meta property=\"og:type\" content=\"article\" \/>\n<meta property=\"og:title\" content=\"Terms and Conditions - Green Tech Valley Cluster\" \/>\n<meta property=\"og:description\" content=\"Terms and Conditions\u200b Terms and Conditions\u200b f\u00fcr Cluster-Partner der Green Tech Valley Cluster GmbH Stand J\u00e4nner 2018 Zahlungsmodalit\u00e4ten Sofern im Auftrag nicht anders vereinbart, gelten die im Anmeldeformular angef\u00fchrten Preise f\u00fcr Cluster-Partner (vormals \u201eMitglieder\u201c genannt). Die gesetzliche Umsatzsteuer wird zus\u00e4tzlich verrechnet. Wir behalten uns Preis\u00e4nderungen vor. Der Cluster-Partner-Beitrag ist pro Kalenderjahr jeweils im vor hinein [&hellip;]\" \/>\n<meta property=\"og:url\" content=\"https:\/\/www.greentech.at\/en\/terms-and-conditions\/\" \/>\n<meta property=\"og:site_name\" content=\"Green Tech Valley Cluster\" \/>\n<meta property=\"article:modified_time\" content=\"2025-09-22T15:37:44+00:00\" \/>\n<meta name=\"twitter:card\" content=\"summary_large_image\" \/>\n<meta name=\"twitter:label1\" content=\"Est. reading time\" \/>\n\t<meta name=\"twitter:data1\" content=\"2 minutes\" \/>\n<script type=\"application\/ld+json\" class=\"yoast-schema-graph\">{\"@context\":\"https:\\\/\\\/schema.org\",\"@graph\":[{\"@type\":\"WebPage\",\"@id\":\"https:\\\/\\\/www.greentech.at\\\/en\\\/terms-and-conditions\\\/\",\"url\":\"https:\\\/\\\/www.greentech.at\\\/en\\\/terms-and-conditions\\\/\",\"name\":\"Terms and Conditions - Green Tech Valley Cluster\",\"isPartOf\":{\"@id\":\"https:\\\/\\\/www.greentech.at\\\/#website\"},\"datePublished\":\"2022-11-16T11:52:18+00:00\",\"dateModified\":\"2025-09-22T15:37:44+00:00\",\"breadcrumb\":{\"@id\":\"https:\\\/\\\/www.greentech.at\\\/en\\\/terms-and-conditions\\\/#breadcrumb\"},\"inLanguage\":\"en-US\",\"potentialAction\":[{\"@type\":\"ReadAction\",\"target\":[\"https:\\\/\\\/www.greentech.at\\\/en\\\/terms-and-conditions\\\/\"]}]},{\"@type\":\"BreadcrumbList\",\"@id\":\"https:\\\/\\\/www.greentech.at\\\/en\\\/terms-and-conditions\\\/#breadcrumb\",\"itemListElement\":[{\"@type\":\"ListItem\",\"position\":1,\"name\":\"Startseite\",\"item\":\"https:\\\/\\\/www.greentech.at\\\/\"},{\"@type\":\"ListItem\",\"position\":2,\"name\":\"Terms and Conditions\"}]},{\"@type\":\"WebSite\",\"@id\":\"https:\\\/\\\/www.greentech.at\\\/#website\",\"url\":\"https:\\\/\\\/www.greentech.at\\\/\",\"name\":\"Green Tech Valley Cluster\",\"description\":\"Willkommen im Green Tech Valley, dem globalen Hotspot #1 f\u00fcr Climate und Circular Solutions\",\"publisher\":{\"@id\":\"https:\\\/\\\/www.greentech.at\\\/#organization\"},\"potentialAction\":[{\"@type\":\"SearchAction\",\"target\":{\"@type\":\"EntryPoint\",\"urlTemplate\":\"https:\\\/\\\/www.greentech.at\\\/?s={search_term_string}\"},\"query-input\":{\"@type\":\"PropertyValueSpecification\",\"valueRequired\":true,\"valueName\":\"search_term_string\"}}],\"inLanguage\":\"en-US\"},{\"@type\":\"Organization\",\"@id\":\"https:\\\/\\\/www.greentech.at\\\/#organization\",\"name\":\"Green Tech Valley Cluster\",\"url\":\"https:\\\/\\\/www.greentech.at\\\/\",\"logo\":{\"@type\":\"ImageObject\",\"inLanguage\":\"en-US\",\"@id\":\"https:\\\/\\\/www.greentech.at\\\/#\\\/schema\\\/logo\\\/image\\\/\",\"url\":\"https:\\\/\\\/www.greentech.at\\\/wp-content\\\/uploads\\\/2021\\\/04\\\/cropped-GTV_Log-scaled.png\",\"contentUrl\":\"https:\\\/\\\/www.greentech.at\\\/wp-content\\\/uploads\\\/2021\\\/04\\\/cropped-GTV_Log-scaled.png\",\"width\":2560,\"height\":1734,\"caption\":\"Green Tech Valley Cluster\"},\"image\":{\"@id\":\"https:\\\/\\\/www.greentech.at\\\/#\\\/schema\\\/logo\\\/image\\\/\"},\"sameAs\":[\"https:\\\/\\\/www.linkedin.com\\\/company\\\/greentechcluster\"]}]}<\/script>\n<!-- \/ Yoast SEO plugin. -->","yoast_head_json":{"title":"Terms and Conditions - Green Tech Valley Cluster","robots":{"index":"index","follow":"follow","max-snippet":"max-snippet:-1","max-image-preview":"max-image-preview:large","max-video-preview":"max-video-preview:-1"},"canonical":"https:\/\/www.greentech.at\/en\/terms-and-conditions\/","og_locale":"en_US","og_type":"article","og_title":"Terms and Conditions - Green Tech Valley Cluster","og_description":"Terms and Conditions\u200b Terms and Conditions\u200b f\u00fcr Cluster-Partner der Green Tech Valley Cluster GmbH Stand J\u00e4nner 2018 Zahlungsmodalit\u00e4ten Sofern im Auftrag nicht anders vereinbart, gelten die im Anmeldeformular angef\u00fchrten Preise f\u00fcr Cluster-Partner (vormals \u201eMitglieder\u201c genannt). Die gesetzliche Umsatzsteuer wird zus\u00e4tzlich verrechnet. Wir behalten uns Preis\u00e4nderungen vor. Der Cluster-Partner-Beitrag ist pro Kalenderjahr jeweils im vor hinein [&hellip;]","og_url":"https:\/\/www.greentech.at\/en\/terms-and-conditions\/","og_site_name":"Green Tech Valley Cluster","article_modified_time":"2025-09-22T15:37:44+00:00","twitter_card":"summary_large_image","twitter_misc":{"Est. reading time":"2 minutes"},"schema":{"@context":"https:\/\/schema.org","@graph":[{"@type":"WebPage","@id":"https:\/\/www.greentech.at\/en\/terms-and-conditions\/","url":"https:\/\/www.greentech.at\/en\/terms-and-conditions\/","name":"Terms and Conditions - Green Tech Valley Cluster","isPartOf":{"@id":"https:\/\/www.greentech.at\/#website"},"datePublished":"2022-11-16T11:52:18+00:00","dateModified":"2025-09-22T15:37:44+00:00","breadcrumb":{"@id":"https:\/\/www.greentech.at\/en\/terms-and-conditions\/#breadcrumb"},"inLanguage":"en-US","potentialAction":[{"@type":"ReadAction","target":["https:\/\/www.greentech.at\/en\/terms-and-conditions\/"]}]},{"@type":"BreadcrumbList","@id":"https:\/\/www.greentech.at\/en\/terms-and-conditions\/#breadcrumb","itemListElement":[{"@type":"ListItem","position":1,"name":"Startseite","item":"https:\/\/www.greentech.at\/"},{"@type":"ListItem","position":2,"name":"Terms and Conditions"}]},{"@type":"WebSite","@id":"https:\/\/www.greentech.at\/#website","url":"https:\/\/www.greentech.at\/","name":"Green Tech Valley Cluster","description":"Willkommen im Green Tech Valley, dem globalen Hotspot #1 f\u00fcr Climate und Circular Solutions","publisher":{"@id":"https:\/\/www.greentech.at\/#organization"},"potentialAction":[{"@type":"SearchAction","target":{"@type":"EntryPoint","urlTemplate":"https:\/\/www.greentech.at\/?s={search_term_string}"},"query-input":{"@type":"PropertyValueSpecification","valueRequired":true,"valueName":"search_term_string"}}],"inLanguage":"en-US"},{"@type":"Organization","@id":"https:\/\/www.greentech.at\/#organization","name":"Green Tech Valley Cluster","url":"https:\/\/www.greentech.at\/","logo":{"@type":"ImageObject","inLanguage":"en-US","@id":"https:\/\/www.greentech.at\/#\/schema\/logo\/image\/","url":"https:\/\/www.greentech.at\/wp-content\/uploads\/2021\/04\/cropped-GTV_Log-scaled.png","contentUrl":"https:\/\/www.greentech.at\/wp-content\/uploads\/2021\/04\/cropped-GTV_Log-scaled.png","width":2560,"height":1734,"caption":"Green Tech Valley Cluster"},"image":{"@id":"https:\/\/www.greentech.at\/#\/schema\/logo\/image\/"},"sameAs":["https:\/\/www.linkedin.com\/company\/greentechcluster"]}]}},"_links":{"self":[{"href":"https:\/\/www.greentech.at\/en\/wp-json\/wp\/v2\/pages\/97151","targetHints":{"allow":["GET"]}}],"collection":[{"href":"https:\/\/www.greentech.at\/en\/wp-json\/wp\/v2\/pages"}],"about":[{"href":"https:\/\/www.greentech.at\/en\/wp-json\/wp\/v2\/types\/page"}],"author":[{"embeddable":true,"href":"https:\/\/www.greentech.at\/en\/wp-json\/wp\/v2\/users\/1"}],"replies":[{"embeddable":true,"href":"https:\/\/www.greentech.at\/en\/wp-json\/wp\/v2\/comments?post=97151"}],"version-history":[{"count":5,"href":"https:\/\/www.greentech.at\/en\/wp-json\/wp\/v2\/pages\/97151\/revisions"}],"predecessor-version":[{"id":154886,"href":"https:\/\/www.greentech.at\/en\/wp-json\/wp\/v2\/pages\/97151\/revisions\/154886"}],"wp:attachment":[{"href":"https:\/\/www.greentech.at\/en\/wp-json\/wp\/v2\/media?parent=97151"}],"wp:term":[{"taxonomy":"user_category","embeddable":true,"href":"https:\/\/www.greentech.at\/en\/wp-json\/wp\/v2\/user_category?post=97151"}],"curies":[{"name":"wp","href":"https:\/\/api.w.org\/{rel}","templated":true}]}}